{"id":11,"date":"2019-12-29T23:27:06","date_gmt":"2019-12-29T23:27:06","guid":{"rendered":"http:\/\/physiotherapie-kohlscheid.de\/?page_id=11"},"modified":"2021-08-25T18:06:15","modified_gmt":"2021-08-25T18:06:15","slug":"willkommen-bei-physiotherapie-martin-beaujean","status":"publish","type":"page","link":"https:\/\/physiotherapie-kohlscheid.de\/","title":{"rendered":"Willkommen"},"content":{"rendered":"<p style=\"text-align: center;\"><a style=\"font-size: 22px; padding: 8px; border: 1px solid grey; border-radius: 8px;\" href=\"tel:0049240780404\">\u2706 Rufen Sie uns an <\/a><\/p>\n<p style=\"text-align: center;\"><a style=\"font-size: 22px; padding: 8px; border: 1px solid grey; border-radius: 8px;\" href=\"mailto:info@physiotherapie-kohlscheid.de\"> Email senden <\/a><\/p>\n<p style=\"text-align: center;\">Tel. 0049 (0) 2407 80404<\/p>\n<p style=\"text-align: left;\">Unsere Praxis wurde 1994 als Praxisgemeinschaft gegr\u00fcndet. Zur Zeit arbeiten wir als 7-k\u00f6pfiges Team auf 150 m\u00b2 Behandlungsfl\u00e4che.<\/p>\n<p><img loading=\"lazy\" class=\"wp-image-47 aligncenter\" src=\"http:\/\/physiotherapie-kohlscheid.de\/wp-content\/uploads\/2020\/01\/Eingang-300x169.jpg\" alt=\"\" width=\"501\" height=\"282\" srcset=\"https:\/\/physiotherapie-kohlscheid.de\/wp-content\/uploads\/2020\/01\/Eingang-300x169.jpg 300w, https:\/\/physiotherapie-kohlscheid.de\/wp-content\/uploads\/2020\/01\/Eingang-768x432.jpg 768w, https:\/\/physiotherapie-kohlscheid.de\/wp-content\/uploads\/2020\/01\/Eingang-1024x575.jpg 1024w\" sizes=\"(max-width: 501px) 100vw, 501px\" \/><\/p>\n<p>Wir verf\u00fcgen \u00fcber einen kleinen Ger\u00e4tepark, den Sie auf der Seite &#8222;\u00dcber uns&#8220; sehen k\u00f6nnen.<\/p>\n<p>Terminvereinbarungen nehmen wir gerne telefonisch oder auch pers\u00f6nlich entgegen. Unsere Anmeldung ist von Mo bis\u00a0 Fr. von 8.00 bis 12.00 Uhr besetzt, ansonsten l\u00e4uft ein Anrufbeantworter.<\/p>\n<p align=\"left\">Bei uns k\u00f6nnen Sie folgende Behandlungen in Anspruch nehmen:<\/p>\n<div align=\"left\">\n<ul>\n<li>Krankengymnastik<\/li>\n<li>Krankengymnastik auf Neurophysiologischer Grundlage (ZNS)<\/li>\n<li>Manuelle Therapie<\/li>\n<li>Manuelle Lymphedrainage<\/li>\n<li>KG-Ger\u00e4t<\/li>\n<li>Craniomandibul\u00e4re Dysfunction (CMD) Behandlung<\/li>\n<li>Schlingentischbehandlungen<\/li>\n<li>Heissluft und Massagen<\/li>\n<li>Elektrotherapien<\/li>\n<li>Traktionsbehandlungen<\/li>\n<li>Eisanwendungen<\/li>\n<li>Hausbehandlungen<\/li>\n<li>Kurse<\/li>\n<\/ul>\n<\/div>\n<p align=\"left\">Parkm\u00f6glichkeiten direkt am Geb\u00e4ude<br \/>\nBusverbindung vor dem Haus.<br \/>\nBehindertengerechter Eingang und Einrichtung sowie Aufzug<br \/>\nAlle Kassen nach \u00e4rtztlicher Verordnung und Privat<br \/>\nTermine nach Vereinbarung<\/p>\n","protected":false},"excerpt":{"rendered":"<p>\u2706 Rufen Sie uns an Email senden Tel. 0049 (0) 2407 80404 Unsere Praxis wurde 1994 als Praxisgemeinschaft gegr\u00fcndet. Zur Zeit arbeiten wir als 7-k\u00f6pfiges Team auf 150 m\u00b2 Behandlungsfl\u00e4che. Wir verf\u00fcgen \u00fcber einen kleinen Ger\u00e4tepark, den Sie auf der Seite &#8222;\u00dcber uns&#8220; sehen k\u00f6nnen. Terminvereinbarungen nehmen wir gerne telefonisch oder auch pers\u00f6nlich entgegen. Unsere &hellip; <\/p>\n<p class=\"link-more\"><a href=\"https:\/\/physiotherapie-kohlscheid.de\/\" class=\"more-link\"><span class=\"screen-reader-text\">\u201eWillkommen\u201c<\/span> weiterlesen<\/a><\/p>\n","protected":false},"author":1,"featured_media":0,"parent":0,"menu_order":0,"comment_status":"closed","ping_status":"closed","template":"","meta":[],"_links":{"self":[{"href":"https:\/\/physiotherapie-kohlscheid.de\/index.php?rest_route=\/wp\/v2\/pages\/11"}],"collection":[{"href":"https:\/\/physiotherapie-kohlscheid.de\/index.php?rest_route=\/wp\/v2\/pages"}],"about":[{"href":"https:\/\/physiotherapie-kohlscheid.de\/index.php?rest_route=\/wp\/v2\/types\/page"}],"author":[{"embeddable":true,"href":"https:\/\/physiotherapie-kohlscheid.de\/index.php?rest_route=\/wp\/v2\/users\/1"}],"replies":[{"embeddable":true,"href":"https:\/\/physiotherapie-kohlscheid.de\/index.php?rest_route=%2Fwp%2Fv2%2Fcomments&post=11"}],"version-history":[{"count":12,"href":"https:\/\/physiotherapie-kohlscheid.de\/index.php?rest_route=\/wp\/v2\/pages\/11\/revisions"}],"predecessor-version":[{"id":99,"href":"https:\/\/physiotherapie-kohlscheid.de\/index.php?rest_route=\/wp\/v2\/pages\/11\/revisions\/99"}],"wp:attachment":[{"href":"https:\/\/physiotherapie-kohlscheid.de\/index.php?rest_route=%2Fwp%2Fv2%2Fmedia&parent=11"}],"curies":[{"name":"wp","href":"https:\/\/api.w.org\/{rel}","templated":true}]}}