{"id":13,"date":"2019-12-29T23:27:51","date_gmt":"2019-12-29T23:27:51","guid":{"rendered":"http:\/\/physiotherapie-kohlscheid.de\/?page_id=13"},"modified":"2021-08-25T18:04:52","modified_gmt":"2021-08-25T18:04:52","slug":"ueber-uns","status":"publish","type":"page","link":"https:\/\/physiotherapie-kohlscheid.de\/?page_id=13","title":{"rendered":"\u00dcber uns"},"content":{"rendered":"<p>Unsere R\u00e4umlichkeiten k\u00f6nnen sich sehen lassen:<\/p>\n<p><img loading=\"lazy\" class=\"wp-image-50 aligncenter\" src=\"http:\/\/physiotherapie-kohlscheid.de\/wp-content\/uploads\/2020\/01\/Bewegungsraum-300x169.jpg\" alt=\"\" width=\"461\" height=\"260\" srcset=\"https:\/\/physiotherapie-kohlscheid.de\/wp-content\/uploads\/2020\/01\/Bewegungsraum-300x169.jpg 300w, https:\/\/physiotherapie-kohlscheid.de\/wp-content\/uploads\/2020\/01\/Bewegungsraum-768x432.jpg 768w, https:\/\/physiotherapie-kohlscheid.de\/wp-content\/uploads\/2020\/01\/Bewegungsraum-1024x575.jpg 1024w\" sizes=\"(max-width: 461px) 100vw, 461px\" \/><\/p>\n<p>150 Quadratmeter, aufteilbar in 7 Behandlungsr\u00e4ume und ausgestattet mit vielen \u00dcbungsger\u00e4ten.<\/p>\n<p><img loading=\"lazy\" class=\" wp-image-58 aligncenter\" src=\"http:\/\/physiotherapie-kohlscheid.de\/wp-content\/uploads\/2019\/12\/IMG_5181-300x169.jpg\" alt=\"\" width=\"458\" height=\"258\" srcset=\"https:\/\/physiotherapie-kohlscheid.de\/wp-content\/uploads\/2019\/12\/IMG_5181-300x169.jpg 300w, https:\/\/physiotherapie-kohlscheid.de\/wp-content\/uploads\/2019\/12\/IMG_5181-1024x575.jpg 1024w, https:\/\/physiotherapie-kohlscheid.de\/wp-content\/uploads\/2019\/12\/IMG_5181-768x432.jpg 768w, https:\/\/physiotherapie-kohlscheid.de\/wp-content\/uploads\/2019\/12\/IMG_5181-1536x863.jpg 1536w, https:\/\/physiotherapie-kohlscheid.de\/wp-content\/uploads\/2019\/12\/IMG_5181-2048x1151.jpg 2048w\" sizes=\"(max-width: 458px) 100vw, 458px\" \/><\/p>\n<p>&nbsp;<\/p>\n<p>Ein Fitnessraum mit Stepper, Fahrrad, Laufband, Funktionsstemme, Seilzugger\u00e4te und Crosstrainer. Desweiteren verf\u00fcgen wir \u00fcber einen Schlingentisch, eine Streckbank und Winkeltisch.<\/p>\n<p><img loading=\"lazy\" class=\" wp-image-48 aligncenter\" src=\"http:\/\/physiotherapie-kohlscheid.de\/wp-content\/uploads\/2020\/01\/Zimmer1-300x169.jpg\" alt=\"\" width=\"460\" height=\"259\" srcset=\"https:\/\/physiotherapie-kohlscheid.de\/wp-content\/uploads\/2020\/01\/Zimmer1-300x169.jpg 300w, https:\/\/physiotherapie-kohlscheid.de\/wp-content\/uploads\/2020\/01\/Zimmer1-768x432.jpg 768w, https:\/\/physiotherapie-kohlscheid.de\/wp-content\/uploads\/2020\/01\/Zimmer1-1024x575.jpg 1024w\" sizes=\"(max-width: 460px) 100vw, 460px\" \/><\/p>\n<p>&nbsp;<\/p>\n<p>Elekrotherapieger\u00e4te mit der M\u00f6glichkeit zur Interferenztherapie, Diadynamischem Strom, TENS, Iontoforese und nat\u00fcrlich Ultraschall , Laser und Hei\u00dfluftger\u00e4te.<\/p>\n<p><img loading=\"lazy\" class=\"wp-image-49 aligncenter\" src=\"http:\/\/physiotherapie-kohlscheid.de\/wp-content\/uploads\/2020\/01\/Zimmer2-300x169.jpg\" alt=\"\" width=\"460\" height=\"259\" srcset=\"https:\/\/physiotherapie-kohlscheid.de\/wp-content\/uploads\/2020\/01\/Zimmer2-300x169.jpg 300w, https:\/\/physiotherapie-kohlscheid.de\/wp-content\/uploads\/2020\/01\/Zimmer2-768x433.jpg 768w, https:\/\/physiotherapie-kohlscheid.de\/wp-content\/uploads\/2020\/01\/Zimmer2-1024x577.jpg 1024w\" sizes=\"(max-width: 460px) 100vw, 460px\" \/><\/p>\n","protected":false},"excerpt":{"rendered":"<p>Unsere R\u00e4umlichkeiten k\u00f6nnen sich sehen lassen: 150 Quadratmeter, aufteilbar in 7 Behandlungsr\u00e4ume und ausgestattet mit vielen \u00dcbungsger\u00e4ten. &nbsp; Ein Fitnessraum mit Stepper, Fahrrad, Laufband, Funktionsstemme, Seilzugger\u00e4te und Crosstrainer. Desweiteren verf\u00fcgen wir \u00fcber einen Schlingentisch, eine Streckbank und Winkeltisch. &nbsp; Elekrotherapieger\u00e4te mit der M\u00f6glichkeit zur Interferenztherapie, Diadynamischem Strom, TENS, Iontoforese und nat\u00fcrlich Ultraschall , Laser und &hellip; <\/p>\n<p class=\"link-more\"><a href=\"https:\/\/physiotherapie-kohlscheid.de\/?page_id=13\" class=\"more-link\"><span class=\"screen-reader-text\">\u201e\u00dcber uns\u201c<\/span> weiterlesen<\/a><\/p>\n","protected":false},"author":1,"featured_media":0,"parent":0,"menu_order":0,"comment_status":"closed","ping_status":"closed","template":"","meta":[],"_links":{"self":[{"href":"https:\/\/physiotherapie-kohlscheid.de\/index.php?rest_route=\/wp\/v2\/pages\/13"}],"collection":[{"href":"https:\/\/physiotherapie-kohlscheid.de\/index.php?rest_route=\/wp\/v2\/pages"}],"about":[{"href":"https:\/\/physiotherapie-kohlscheid.de\/index.php?rest_route=\/wp\/v2\/types\/page"}],"author":[{"embeddable":true,"href":"https:\/\/physiotherapie-kohlscheid.de\/index.php?rest_route=\/wp\/v2\/users\/1"}],"replies":[{"embeddable":true,"href":"https:\/\/physiotherapie-kohlscheid.de\/index.php?rest_route=%2Fwp%2Fv2%2Fcomments&post=13"}],"version-history":[{"count":12,"href":"https:\/\/physiotherapie-kohlscheid.de\/index.php?rest_route=\/wp\/v2\/pages\/13\/revisions"}],"predecessor-version":[{"id":98,"href":"https:\/\/physiotherapie-kohlscheid.de\/index.php?rest_route=\/wp\/v2\/pages\/13\/revisions\/98"}],"wp:attachment":[{"href":"https:\/\/physiotherapie-kohlscheid.de\/index.php?rest_route=%2Fwp%2Fv2%2Fmedia&parent=13"}],"curies":[{"name":"wp","href":"https:\/\/api.w.org\/{rel}","templated":true}]}}